{"id":105148,"date":"2025-09-21T17:56:56","date_gmt":"2025-09-21T15:56:56","guid":{"rendered":"https:\/\/footballthrift.shop\/?post_type=product&#038;p=105148"},"modified":"2026-03-09T11:26:34","modified_gmt":"2026-03-09T10:26:34","slug":"torwart-trikot-sk-sturm-graz-2002-03-1-sidorczuk-s","status":"publish","type":"product","link":"https:\/\/footballthrift.shop\/de\/koszulka-bramkarska-sk-sturm-graz-2002-03-1-sidorczuk-s\/","title":{"rendered":"Koszulka bramkarska SK Sturm Graz 2002\/03 1 Sidorczuk [S]"},"content":{"rendered":"<p><strong>Verein:<\/strong> SK Sturm Graz<\/p>\n<p><strong>Saison:<\/strong> 2002\/03<\/p>\n<p><strong>Gr\u00f6\u00dfe: <\/strong>S<\/p>\n<p><strong>Zustand:<\/strong> Ausgezeichnet<\/p>\n<p><strong>Ma\u00dfe (Achselbreite\/L\u00e4nge) in cm: <\/strong>53\/65 (vorne), 70 (hinten)<\/p>","protected":false},"excerpt":{"rendered":"<p data-start=\"0\" data-end=\"84\">Original Torwart-Fu\u00dfballtrikot <strong data-start=\"30\" data-end=\"82\">SK Sturm Graz aus der Saison 2002\/03 - produziert von Puma.<\/strong><\/p>\n<p data-start=\"86\" data-end=\"418\">Die Saison 2002\/03 bedeutete f\u00fcr den SK Sturm Graz den Aufstieg in die \u00f6sterreichische Bundesliga und gleichzeitig das Ende der Karriere des polnischen Torh\u00fcters <strong data-start=\"214\" data-end=\"239\">Kazimierz Sidorczuk<\/strong>der mehrere Jahre lang die Farben des Grazer Vereins vertrat. Aus dieser Zeit stammt auch dieses <strong data-start=\"324\" data-end=\"384\">Original-Torwarttrikot in lang\u00e4rmeliger Ausf\u00fchrung<\/strong>von der Marke Puma vorbereitet.<\/p>\n<p data-start=\"420\" data-end=\"750\">Das Modell wird im Merkmal <strong data-start=\"462\" data-end=\"487\">blaue Farben<\/strong>typisch f\u00fcr Torwarttrikots aus dem fr\u00fchen 21. Jahrhundert. Die Vorderseite zeigt <strong data-start=\"570\" data-end=\"589\">Sturm Graz Wappen<\/strong>, <strong data-start=\"591\" data-end=\"604\">Puma-Logo<\/strong> und Sponsorenaufdruck, w\u00e4hrend die R\u00fcckseite mit <strong data-start=\"657\" data-end=\"689\">Impressum von Kazimierz Sidorczuk<\/strong>wodurch das T-Shirt einen besonderen Sammlerwert erh\u00e4lt.<\/p>\n<p data-start=\"752\" data-end=\"914\">Das T-Shirt ist aus einem Material hergestellt, das garantiert <strong data-start=\"805\" data-end=\"840\">Haltbarkeit, Atmungsaktivit\u00e4t und Komfort<\/strong>so wichtig f\u00fcr Spieler, die auf der anspruchsvollen Position des Torwarts spielen.<\/p>\n<p data-start=\"916\" data-end=\"1150\">Dies ist ein au\u00dfergew\u00f6hnliches St\u00fcck f\u00fcr <strong data-start=\"944\" data-end=\"976\">Retro-T-Shirt-Sammler<\/strong>Fans des SK Sturm Graz und Fans des polnischen Fu\u00dfballs, die in ihrer Sammlung haben wollen <strong data-start=\"1076\" data-end=\"1147\">das urspr\u00fcngliche Modell in Bezug auf die Leistung des polnischen Torwarts in \u00d6sterreich<\/strong>.<\/p>","protected":false},"featured_media":105169,"template":"","meta":{"_kad_blocks_custom_css":"","_kad_blocks_head_custom_js":"","_kad_blocks_body_custom_js":"","_kad_blocks_footer_custom_js":"","_kad_post_transparent":"default","_kad_post_title":"","_kad_post_layout":"default","_kad_post_sidebar_id":"","_kad_post_content_style":"default","_kad_post_vertical_padding":"default","_kad_post_feature":"","_kad_post_feature_position":"","_kad_post_header":false,"_kad_post_footer":false,"_kad_post_classname":""},"product_brand":[1287],"product_cat":[1441,15,1411],"product_tag":[],"class_list":{"0":"post-105148","1":"product","2":"type-product","3":"status-publish","4":"has-post-thumbnail","6":"product_brand-puma","7":"product_cat-austria-i-szwajcaria","8":"product_cat-bez-kategorii","9":"product_cat-polscy-pilkarze","10":"pa_rozmiar-s","12":"first","13":"instock","14":"taxable","15":"shipping-taxable","16":"purchasable","17":"product-type-simple","18":"entry","19":"content-bg","20":"loop-entry"},"taxonomy_info":{"product_brand":[{"value":1287,"label":"Puma"}],"product_cat":[{"value":1441,"label":"Austria i Szwajcaria"},{"value":15,"label":"Bez kategorii"},{"value":1411,"label":"POLSCY PI\u0141KARZE"}],"pa_rozmiar":[{"value":1815,"label":"S"}]},"featured_image_src_large":["https:\/\/footballthrift.shop\/wp-content\/uploads\/2025\/09\/Photoroom_021_20250919_131014-1024x1024.png",1024,1024,true],"author_info":[],"comment_info":"","_links":{"self":[{"href":"https:\/\/footballthrift.shop\/de\/wp-json\/wp\/v2\/product\/105148","targetHints":{"allow":["GET"]}}],"collection":[{"href":"https:\/\/footballthrift.shop\/de\/wp-json\/wp\/v2\/product"}],"about":[{"href":"https:\/\/footballthrift.shop\/de\/wp-json\/wp\/v2\/types\/product"}],"wp:featuredmedia":[{"embeddable":true,"href":"https:\/\/footballthrift.shop\/de\/wp-json\/wp\/v2\/media\/105169"}],"wp:attachment":[{"href":"https:\/\/footballthrift.shop\/de\/wp-json\/wp\/v2\/media?parent=105148"}],"wp:term":[{"taxonomy":"product_brand","embeddable":true,"href":"https:\/\/footballthrift.shop\/de\/wp-json\/wp\/v2\/product_brand?post=105148"},{"taxonomy":"product_cat","embeddable":true,"href":"https:\/\/footballthrift.shop\/de\/wp-json\/wp\/v2\/product_cat?post=105148"},{"taxonomy":"product_tag","embeddable":true,"href":"https:\/\/footballthrift.shop\/de\/wp-json\/wp\/v2\/product_tag?post=105148"}],"curies":[{"name":"wp","href":"https:\/\/api.w.org\/{rel}","templated":true}]}}