{"id":104777,"date":"2025-09-14T17:50:51","date_gmt":"2025-09-14T15:50:51","guid":{"rendered":"https:\/\/footballthrift.shop\/?post_type=product&#038;p=104777"},"modified":"2026-03-09T11:27:05","modified_gmt":"2026-03-09T10:27:05","slug":"bnwt-angers-sco-2022-23-home-xl","status":"publish","type":"product","link":"https:\/\/footballthrift.shop\/de\/bnwt-angers-sco-2022-23-home-xl\/","title":{"rendered":"BNWT Angers SCO 2022\/23 Home [XL]"},"content":{"rendered":"<p><strong>Verein:<\/strong> Angers SCO<\/p>\n<p><strong>Saison:<\/strong> 2022\/23 Heimat<\/p>\n<p><strong>Gr\u00f6\u00dfe: <\/strong>XL<\/p>\n<p><strong>Zustand:<\/strong> BNWT - T-shirt neu, mit Etiketten.<\/p>\n<p><strong>Ma\u00dfe (Achselbreite\/L\u00e4nge) in cm: <\/strong>59\/75<\/p>","protected":false},"excerpt":{"rendered":"<p data-start=\"0\" data-end=\"82\">Original Fu\u00dfballtrikot <strong data-start=\"30\" data-end=\"80\">Angers SCO aus der Saison 2022\/23 - produziert von Kappa.<\/strong><\/p>\n<p data-start=\"84\" data-end=\"356\">Diese <strong data-start=\"87\" data-end=\"128\">Original Angers SCO Heimtrikot<\/strong> der Saison 2022\/23 ist ein Design der Marke Kappa, das in einem eleganten <strong data-start=\"194\" data-end=\"217\">schwarzes Farbschema<\/strong>. Das minimalistische Design unterstreicht den modernen Charakter des Outfits, das das Image des franz\u00f6sischen Clubs in der Ligue 1 perfekt widerspiegelt.<\/p>\n<p data-start=\"358\" data-end=\"577\">Auf der Vorderseite befand sich <strong data-start=\"381\" data-end=\"400\">Wappen von Angers SCO<\/strong>, <strong data-start=\"402\" data-end=\"416\">Kappa-Logo<\/strong> und Sponsorenaufdruck, alles aus leichtem, atmungsaktivem Material, das den Fahrern ein angenehmes Tragegef\u00fchl bietet. <strong data-start=\"520\" data-end=\"562\">Komfort, Atmungsaktivit\u00e4t und Bewegungsfreiheit<\/strong> w\u00e4hrend des Spiels.<\/p>\n<p data-start=\"579\" data-end=\"848\">Dieses Exemplar ist erhalten geblieben in <strong data-start=\"620\" data-end=\"657\">werkseitig montiert - mit Anh\u00e4ngern<\/strong>Das macht es besonders attraktiv f\u00fcr Sammler und Fans des Vereins. Das Trikot ist nicht nur ein Andenken an die Saison 2022\/23, sondern auch ein Beispiel f\u00fcr die Qualit\u00e4t und den Stil, f\u00fcr die die Marke Kappa bekannt ist.<\/p>\n<p data-start=\"850\" data-end=\"1014\">Es ist eine ausgezeichnete Wahl f\u00fcr <strong data-start=\"873\" data-end=\"895\">Ver\u00e4rgerung der SCO-Anh\u00e4nger<\/strong>Liebhaber und Sammler der Ligue 1, die auf der Suche nach <strong data-start=\"953\" data-end=\"1011\">originale Fu\u00dfballtrikots in ungetragenem Zustand<\/strong>.<\/p>","protected":false},"featured_media":104968,"template":"","meta":{"_kad_blocks_custom_css":"","_kad_blocks_head_custom_js":"","_kad_blocks_body_custom_js":"","_kad_blocks_footer_custom_js":"","_kad_post_transparent":"default","_kad_post_title":"","_kad_post_layout":"default","_kad_post_sidebar_id":"","_kad_post_content_style":"default","_kad_post_vertical_padding":"default","_kad_post_feature":"","_kad_post_feature_position":"","_kad_post_header":false,"_kad_post_footer":false,"_kad_post_classname":""},"product_brand":[1290],"product_cat":[15,2033,1475],"product_tag":[],"class_list":{"0":"post-104777","1":"product","2":"type-product","3":"status-publish","4":"has-post-thumbnail","6":"product_brand-kappa","7":"product_cat-bez-kategorii","8":"product_cat-bnwt","9":"product_cat-pozostale-kluby-francuskie","10":"pa_homeawaythird-home","11":"pa_rozmiar-xl","13":"first","14":"instock","15":"taxable","16":"shipping-taxable","17":"purchasable","18":"product-type-simple","19":"entry","20":"content-bg","21":"loop-entry"},"taxonomy_info":{"product_brand":[{"value":1290,"label":"Kappa"}],"product_cat":[{"value":15,"label":"Bez kategorii"},{"value":2033,"label":"BNWT"},{"value":1475,"label":"Pozosta\u0142e kluby francuskie"}],"pa_homeawaythird":[{"value":1597,"label":"Home"}],"pa_rozmiar":[{"value":1818,"label":"XL"}]},"featured_image_src_large":["https:\/\/footballthrift.shop\/wp-content\/uploads\/2025\/09\/Photoroom_016_20250911_112108-1024x1024.png",1024,1024,true],"author_info":[],"comment_info":"","_links":{"self":[{"href":"https:\/\/footballthrift.shop\/de\/wp-json\/wp\/v2\/product\/104777","targetHints":{"allow":["GET"]}}],"collection":[{"href":"https:\/\/footballthrift.shop\/de\/wp-json\/wp\/v2\/product"}],"about":[{"href":"https:\/\/footballthrift.shop\/de\/wp-json\/wp\/v2\/types\/product"}],"wp:featuredmedia":[{"embeddable":true,"href":"https:\/\/footballthrift.shop\/de\/wp-json\/wp\/v2\/media\/104968"}],"wp:attachment":[{"href":"https:\/\/footballthrift.shop\/de\/wp-json\/wp\/v2\/media?parent=104777"}],"wp:term":[{"taxonomy":"product_brand","embeddable":true,"href":"https:\/\/footballthrift.shop\/de\/wp-json\/wp\/v2\/product_brand?post=104777"},{"taxonomy":"product_cat","embeddable":true,"href":"https:\/\/footballthrift.shop\/de\/wp-json\/wp\/v2\/product_cat?post=104777"},{"taxonomy":"product_tag","embeddable":true,"href":"https:\/\/footballthrift.shop\/de\/wp-json\/wp\/v2\/product_tag?post=104777"}],"curies":[{"name":"wp","href":"https:\/\/api.w.org\/{rel}","templated":true}]}}