{"id":104766,"date":"2025-09-14T17:50:56","date_gmt":"2025-09-14T15:50:56","guid":{"rendered":"https:\/\/footballthrift.shop\/?post_type=product&#038;p=104766"},"modified":"2026-03-09T11:27:04","modified_gmt":"2026-03-09T10:27:04","slug":"koszulka-pilkarska-leicester-city-fc-2000-01-home-xxl","status":"publish","type":"product","link":"https:\/\/footballthrift.shop\/de\/koszulka-pilkarska-leicester-city-fc-2000-01-home-xxl\/","title":{"rendered":"Koszulka pi\u0142karska Leicester City FC 2000\/01 Home [XXL]"},"content":{"rendered":"<p><strong>Verein:<\/strong> Leicester City FC<\/p>\n<p><strong>Saison:<\/strong> 2000\/01 Startseite<\/p>\n<p><strong>Gr\u00f6\u00dfe: <\/strong>XXL<\/p>\n<p><strong>Zustand:<\/strong> Sehr gut - ein Zug am \u00c4rmel.<\/p>\n<p><strong>Ma\u00dfe (Achselbreite\/L\u00e4nge) in cm: <\/strong>63\/75<\/p>","protected":false},"excerpt":{"rendered":"<p data-start=\"0\" data-end=\"98\">Original Fu\u00dfballtrikot <strong data-start=\"30\" data-end=\"96\">Leicester City FC aus der Saison 2000\/01 - produziert von Le Coq Sportif.\u00a0<\/strong><\/p>\n<p data-start=\"100\" data-end=\"421\">Diese <strong data-start=\"103\" data-end=\"148\">Original Leicester City Heimtrikot<\/strong> aus der Saison 2000\/01 ist ein klassisches Design von Le Coq Sportif, das in der Tradition der \"F\u00fcchse\" steht. <strong data-start=\"249\" data-end=\"276\">blaues Farbschema<\/strong>. Sein Charakter wird durch die elegante <strong data-start=\"310\" data-end=\"330\">wei\u00dfer Kragen<\/strong> in einem Retro-Stil, der perfekt zu dem schlichten, aber zeitlosen Design passt.<\/p>\n<p data-start=\"423\" data-end=\"784\">Die Vorderseite des T-Shirts zeigt <strong data-start=\"456\" data-end=\"485\">Walkers' kultiger Sponsor<\/strong>das seit langem mit Leicester City in Verbindung gebracht wird, und daneben wurde die <strong data-start=\"541\" data-end=\"555\">Vereinswappen<\/strong> und <strong data-start=\"561\" data-end=\"584\">Le Coq Sportif-Logo<\/strong>Das T-Shirt ist aus einem strapazierf\u00e4higen und atmungsaktiven Material hergestellt, das die Haltbarkeit und Atmungsaktivit\u00e4t des T-Shirts gew\u00e4hrleistet. Das T-Shirt ist aus einem strapazierf\u00e4higen und atmungsaktiven Material gefertigt, das f\u00fcr eine <strong data-start=\"705\" data-end=\"733\">Komfort und Bewegungsfreiheit<\/strong> sowohl beim Spiel als auch im Alltag.<\/p>\n<p data-start=\"786\" data-end=\"1090\">Die Saison 2000\/01 war eine Zeit, in der er f\u00fcr Leicester in der <strong data-start=\"832\" data-end=\"850\">Erste Liga<\/strong>wo die Mannschaft gegen die besten Teams Englands antrat. Das Trikot aus dieser Zeit gilt heute als das <strong data-start=\"953\" data-end=\"970\">ikonisches Modell<\/strong>Sie erinnert an eine Zeit, in der Walkers und Leicester City ein unzertrennliches Duo bildeten, das in der ganzen Welt bekannt war.<\/p>\n<p data-start=\"1092\" data-end=\"1270\">Es ist eine ausgezeichnete Wahl f\u00fcr <strong data-start=\"1115\" data-end=\"1134\">Fans von The Foxes<\/strong>, Liebhaber der Premier League aus der Jahrhundertwende und Sammler, die auf der Suche nach <strong data-start=\"1215\" data-end=\"1267\">original vintage fu\u00dfballtrikots<\/strong>.<\/p>","protected":false},"featured_media":104857,"template":"","meta":{"_kad_blocks_custom_css":"","_kad_blocks_head_custom_js":"","_kad_blocks_body_custom_js":"","_kad_blocks_footer_custom_js":"","_kad_post_transparent":"default","_kad_post_title":"","_kad_post_layout":"default","_kad_post_sidebar_id":"","_kad_post_content_style":"default","_kad_post_vertical_padding":"default","_kad_post_feature":"","_kad_post_feature_position":"","_kad_post_header":false,"_kad_post_footer":false,"_kad_post_classname":""},"product_brand":[1292],"product_cat":[15,1485],"product_tag":[],"class_list":{"0":"post-104766","1":"product","2":"type-product","3":"status-publish","4":"has-post-thumbnail","6":"product_brand-le-coq-sportif","7":"product_cat-bez-kategorii","8":"product_cat-pozostale-kluby-angielskie","9":"pa_homeawaythird-home","10":"pa_rozmiar-xxl","12":"first","13":"instock","14":"taxable","15":"shipping-taxable","16":"purchasable","17":"product-type-simple","18":"entry","19":"content-bg","20":"loop-entry"},"taxonomy_info":{"product_brand":[{"value":1292,"label":"Le Coq Sportif"}],"product_cat":[{"value":15,"label":"Bez kategorii"},{"value":1485,"label":"Pozosta\u0142e kluby angielskie"}],"pa_homeawaythird":[{"value":1597,"label":"Home"}],"pa_rozmiar":[{"value":1819,"label":"XXL"}]},"featured_image_src_large":["https:\/\/footballthrift.shop\/wp-content\/uploads\/2025\/09\/Photoroom_040_20250911_112109-1024x1024.png",1024,1024,true],"author_info":[],"comment_info":"","_links":{"self":[{"href":"https:\/\/footballthrift.shop\/de\/wp-json\/wp\/v2\/product\/104766","targetHints":{"allow":["GET"]}}],"collection":[{"href":"https:\/\/footballthrift.shop\/de\/wp-json\/wp\/v2\/product"}],"about":[{"href":"https:\/\/footballthrift.shop\/de\/wp-json\/wp\/v2\/types\/product"}],"wp:featuredmedia":[{"embeddable":true,"href":"https:\/\/footballthrift.shop\/de\/wp-json\/wp\/v2\/media\/104857"}],"wp:attachment":[{"href":"https:\/\/footballthrift.shop\/de\/wp-json\/wp\/v2\/media?parent=104766"}],"wp:term":[{"taxonomy":"product_brand","embeddable":true,"href":"https:\/\/footballthrift.shop\/de\/wp-json\/wp\/v2\/product_brand?post=104766"},{"taxonomy":"product_cat","embeddable":true,"href":"https:\/\/footballthrift.shop\/de\/wp-json\/wp\/v2\/product_cat?post=104766"},{"taxonomy":"product_tag","embeddable":true,"href":"https:\/\/footballthrift.shop\/de\/wp-json\/wp\/v2\/product_tag?post=104766"}],"curies":[{"name":"wp","href":"https:\/\/api.w.org\/{rel}","templated":true}]}}