{"id":101270,"date":"2025-08-31T17:32:40","date_gmt":"2025-08-31T15:32:40","guid":{"rendered":"https:\/\/footballthrift.shop\/?post_type=product&#038;p=101270"},"modified":"2026-03-09T11:27:09","modified_gmt":"2026-03-09T10:27:09","slug":"koszulka-pilkarska-anglia-2020-22-away-158-cm","status":"publish","type":"product","link":"https:\/\/footballthrift.shop\/de\/koszulka-pilkarska-anglia-2020-22-away-158-cm\/","title":{"rendered":"Koszulka pi\u0142karska Anglia 2020\/22 Away [158 cm]"},"content":{"rendered":"<p><strong>Verein:<\/strong> England<\/p>\n<p><strong>Saison:<\/strong> 2020\/22 Ausw\u00e4rts<\/p>\n<p><strong>Gr\u00f6\u00dfe: <\/strong>158 cm<\/p>\n<p><strong>Zustand:<\/strong> Gut \u2013 stellenweise aufgerissene N\u00e4hte im unteren Teil des T-Shirts.<\/p>\n<p><strong>Ma\u00dfe (Achselbreite\/L\u00e4nge) in cm: <\/strong>43\/58<\/p>","protected":false},"excerpt":{"rendered":"<p data-start=\"0\" data-end=\"88\">Original Fu\u00dfballtrikot <strong data-start=\"30\" data-end=\"86\">Englische Nationalmannschaft 2020\/22 - produziert von Nike.<\/strong><\/p>\n<p data-start=\"90\" data-end=\"422\">Diese <strong data-start=\"93\" data-end=\"147\">Original Ausw\u00e4rtstrikot der englischen Nationalmannschaft<\/strong> von 2020-2022 wurde von Nike entworfen und in einer Junior-Version f\u00fcr die H\u00f6he der <strong data-start=\"250\" data-end=\"260\">158 cm<\/strong>. Gepflegt in einem auff\u00e4lligen <strong data-start=\"285\" data-end=\"312\">blaues Farbschema<\/strong>ist ein modernes Design mit einem zarten Muster auf dem Stoff, das ihm einen dynamischen Charakter verleiht.<\/p>\n<p data-start=\"424\" data-end=\"658\">Auf der Brust befindet sich ein <strong data-start=\"447\" data-end=\"462\">Wappen von England<\/strong> und <strong data-start=\"468\" data-end=\"481\">Nike-Logo<\/strong>und das Ganze ist aus einem leichten, atmungsaktiven Material gefertigt, das einen <strong data-start=\"552\" data-end=\"602\">Komfort, Bewegungsfreiheit und hervorragende Bel\u00fcftung<\/strong> - sowohl beim Spielen als auch im t\u00e4glichen Gebrauch.<\/p>\n<p data-start=\"660\" data-end=\"904\">W\u00e4hrend dieser Zeit schrieb die englische Nationalmannschaft Geschichte, indem sie die <strong data-start=\"734\" data-end=\"754\">Finale der Euro 2020<\/strong> in Wembley gespielt. Das Ausw\u00e4rtstrikot wurde zum Symbol einer Mannschaft, die Jahre sp\u00e4ter wieder realistisch um gro\u00dfe Troph\u00e4en k\u00e4mpfen konnte.<\/p>\n<p data-start=\"906\" data-end=\"1073\">Dies ist eine ausgezeichnete Option f\u00fcr <strong data-start=\"934\" data-end=\"960\">junge England-Fans<\/strong> und Sammler, die die <strong data-start=\"1000\" data-end=\"1070\">originelle repr\u00e4sentative Kost\u00fcme mit einem wichtigen historischen Kontext<\/strong>.<\/p>","protected":false},"featured_media":104283,"template":"","meta":{"_kad_blocks_custom_css":"","_kad_blocks_head_custom_js":"","_kad_blocks_body_custom_js":"","_kad_blocks_footer_custom_js":"","_kad_post_transparent":"default","_kad_post_title":"","_kad_post_layout":"default","_kad_post_sidebar_id":"","_kad_post_content_style":"default","_kad_post_vertical_padding":"default","_kad_post_feature":"","_kad_post_feature_position":"","_kad_post_header":false,"_kad_post_footer":false,"_kad_post_classname":""},"product_brand":[1284],"product_cat":[2017,1447],"product_tag":[],"class_list":{"0":"post-101270","1":"product","2":"type-product","3":"status-publish","4":"has-post-thumbnail","6":"product_brand-nike","7":"product_cat-koszulki-mlodziezowe","8":"product_cat-reprezentacja-anglia","9":"pa_homeawaythird-away","10":"pa_rozmiar-158-cm","12":"first","13":"instock","14":"taxable","15":"shipping-taxable","16":"purchasable","17":"product-type-simple","18":"entry","19":"content-bg","20":"loop-entry"},"taxonomy_info":{"product_brand":[{"value":1284,"label":"Nike"}],"product_cat":[{"value":2017,"label":"KOSZULKI M\u0141ODZIE\u017bOWE"},{"value":1447,"label":"Anglia"}],"pa_homeawaythird":[{"value":1598,"label":"Away"}],"pa_rozmiar":[{"value":2019,"label":"158 cm"}]},"featured_image_src_large":["https:\/\/footballthrift.shop\/wp-content\/uploads\/2025\/08\/Photoroom_028_20250829_122435-1024x1024.png",1024,1024,true],"author_info":[],"comment_info":"","_links":{"self":[{"href":"https:\/\/footballthrift.shop\/de\/wp-json\/wp\/v2\/product\/101270","targetHints":{"allow":["GET"]}}],"collection":[{"href":"https:\/\/footballthrift.shop\/de\/wp-json\/wp\/v2\/product"}],"about":[{"href":"https:\/\/footballthrift.shop\/de\/wp-json\/wp\/v2\/types\/product"}],"wp:featuredmedia":[{"embeddable":true,"href":"https:\/\/footballthrift.shop\/de\/wp-json\/wp\/v2\/media\/104283"}],"wp:attachment":[{"href":"https:\/\/footballthrift.shop\/de\/wp-json\/wp\/v2\/media?parent=101270"}],"wp:term":[{"taxonomy":"product_brand","embeddable":true,"href":"https:\/\/footballthrift.shop\/de\/wp-json\/wp\/v2\/product_brand?post=101270"},{"taxonomy":"product_cat","embeddable":true,"href":"https:\/\/footballthrift.shop\/de\/wp-json\/wp\/v2\/product_cat?post=101270"},{"taxonomy":"product_tag","embeddable":true,"href":"https:\/\/footballthrift.shop\/de\/wp-json\/wp\/v2\/product_tag?post=101270"}],"curies":[{"name":"wp","href":"https:\/\/api.w.org\/{rel}","templated":true}]}}