{"id":101268,"date":"2025-08-31T17:32:42","date_gmt":"2025-08-31T15:32:42","guid":{"rendered":"https:\/\/footballthrift.shop\/?post_type=product&#038;p=101268"},"modified":"2026-03-09T11:27:08","modified_gmt":"2026-03-09T10:27:08","slug":"fusballtrikot-england-2020-22-heim-158-cm","status":"publish","type":"product","link":"https:\/\/footballthrift.shop\/de\/koszulka-pilkarska-anglia-2020-22-home-158-cm\/","title":{"rendered":"Koszulka pi\u0142karska Anglia 2020\/22 Home [158 cm]"},"content":{"rendered":"<p><strong>Verein:<\/strong> England<\/p>\n<p><strong>Saison:<\/strong> 2020\/22 Startseite<\/p>\n<p><strong>Gr\u00f6\u00dfe: <\/strong>158 cm<\/p>\n<p><strong>Zustand:<\/strong> Gut - ein paar kleine Schl\u00e4ge.<\/p>\n<p><strong>Ma\u00dfe (Achselbreite\/L\u00e4nge) in cm: <\/strong>43\/60<\/p>","protected":false},"excerpt":{"rendered":"<p>Original Fu\u00dfballtrikot <strong data-start=\"30\" data-end=\"86\">Englische Nationalmannschaft 2020\/22 - produziert von Nike.<\/strong><\/p>\n<p data-start=\"90\" data-end=\"398\">Diese <strong data-start=\"93\" data-end=\"144\">Original England Nationalmannschaft Heimtrikot<\/strong> von 2020-2022 wurde von Nike entworfen und in einer Juniorversion f\u00fcr die H\u00f6he der <strong data-start=\"247\" data-end=\"257\">158 cm<\/strong>. Gepflegt in klassischer <strong data-start=\"282\" data-end=\"304\">wei\u00dfe Farbgebung<\/strong>zeichnet sich durch sein minimalistisches Design aus, das an die Tradition des Teams \"Three Lions\" ankn\u00fcpft.<\/p>\n<p data-start=\"400\" data-end=\"675\">Auf der Brust befindet sich ein <strong data-start=\"423\" data-end=\"452\">Wappen der englischen Nationalmannschaft<\/strong> und <strong data-start=\"458\" data-end=\"471\">Nike-Logo<\/strong>Das Design des Schuhs ist ein unverwechselbares Merkmal und unterstreicht die Authentizit\u00e4t des Modells. Das Ganze ist aus einem leichten und atmungsaktiven Material gefertigt, das f\u00fcr <strong data-start=\"578\" data-end=\"620\">Komfort, Atmungsaktivit\u00e4t und Bewegungsfreiheit<\/strong>sowohl beim Spielen als auch im t\u00e4glichen Gebrauch.<\/p>\n<p data-start=\"677\" data-end=\"935\">In dieser Zeit erzielte die englische Nationalmannschaft einen ihrer gr\u00f6\u00dften Erfolge des 21. Jahrhunderts - den <strong data-start=\"774\" data-end=\"805\">hat das Finale der Euro 2020 erreicht<\/strong>wo es gegen Italien in Wembley antrat. Dadurch erhielt das Trikot den Status <strong data-start=\"885\" data-end=\"932\">ein Symbol f\u00fcr eine einzigartige \u00c4ra des englischen Fu\u00dfballs<\/strong>.<\/p>\n<p data-start=\"937\" data-end=\"1102\">Es ist eine ausgezeichnete Wahl f\u00fcr <strong data-start=\"960\" data-end=\"986\">junge England-Fans<\/strong> und Sammler, die auf der Suche sind nach <strong data-start=\"1024\" data-end=\"1099\">originelle repr\u00e4sentative Kost\u00fcme mit einem wichtigen historischen Kontext<\/strong>.<\/p>","protected":false},"featured_media":104262,"template":"","meta":{"_kad_blocks_custom_css":"","_kad_blocks_head_custom_js":"","_kad_blocks_body_custom_js":"","_kad_blocks_footer_custom_js":"","_kad_post_transparent":"default","_kad_post_title":"","_kad_post_layout":"default","_kad_post_sidebar_id":"","_kad_post_content_style":"default","_kad_post_vertical_padding":"default","_kad_post_feature":"","_kad_post_feature_position":"","_kad_post_header":false,"_kad_post_footer":false,"_kad_post_classname":""},"product_brand":[1284],"product_cat":[1447,2017],"product_tag":[],"class_list":{"0":"post-101268","1":"product","2":"type-product","3":"status-publish","4":"has-post-thumbnail","6":"product_brand-nike","7":"product_cat-reprezentacja-anglia","8":"product_cat-koszulki-mlodziezowe","9":"pa_homeawaythird-home","10":"pa_rozmiar-158-cm","12":"first","13":"instock","14":"taxable","15":"shipping-taxable","16":"purchasable","17":"product-type-simple","18":"entry","19":"content-bg","20":"loop-entry"},"taxonomy_info":{"product_brand":[{"value":1284,"label":"Nike"}],"product_cat":[{"value":1447,"label":"Anglia"},{"value":2017,"label":"KOSZULKI M\u0141ODZIE\u017bOWE"}],"pa_homeawaythird":[{"value":1597,"label":"Home"}],"pa_rozmiar":[{"value":2019,"label":"158 cm"}]},"featured_image_src_large":["https:\/\/footballthrift.shop\/wp-content\/uploads\/2025\/08\/Photoroom_036_20250829_122435-1024x1024.png",1024,1024,true],"author_info":[],"comment_info":"","_links":{"self":[{"href":"https:\/\/footballthrift.shop\/de\/wp-json\/wp\/v2\/product\/101268","targetHints":{"allow":["GET"]}}],"collection":[{"href":"https:\/\/footballthrift.shop\/de\/wp-json\/wp\/v2\/product"}],"about":[{"href":"https:\/\/footballthrift.shop\/de\/wp-json\/wp\/v2\/types\/product"}],"wp:featuredmedia":[{"embeddable":true,"href":"https:\/\/footballthrift.shop\/de\/wp-json\/wp\/v2\/media\/104262"}],"wp:attachment":[{"href":"https:\/\/footballthrift.shop\/de\/wp-json\/wp\/v2\/media?parent=101268"}],"wp:term":[{"taxonomy":"product_brand","embeddable":true,"href":"https:\/\/footballthrift.shop\/de\/wp-json\/wp\/v2\/product_brand?post=101268"},{"taxonomy":"product_cat","embeddable":true,"href":"https:\/\/footballthrift.shop\/de\/wp-json\/wp\/v2\/product_cat?post=101268"},{"taxonomy":"product_tag","embeddable":true,"href":"https:\/\/footballthrift.shop\/de\/wp-json\/wp\/v2\/product_tag?post=101268"}],"curies":[{"name":"wp","href":"https:\/\/api.w.org\/{rel}","templated":true}]}}